{"id":1452,"date":"2013-10-16T12:05:38","date_gmt":"2013-10-16T12:05:38","guid":{"rendered":"http:\/\/demo.qodeinteractive.com\/bridge48\/?page_id=1452"},"modified":"2018-04-19T17:45:58","modified_gmt":"2018-04-19T17:45:58","slug":"iletisim","status":"publish","type":"page","link":"http:\/\/www.istanbuldialog.com\/tr\/iletisim\/","title":{"rendered":"\u0130leti\u015fim"},"content":{"rendered":"<p>[vc_row css_animation=&#8221;&#8221; row_type=&#8221;row&#8221; use_row_as_full_screen_section=&#8221;no&#8221; type=&#8221;full_width&#8221; angled_section=&#8221;no&#8221; text_align=&#8221;left&#8221; background_image_as_pattern=&#8221;without_pattern&#8221; background_color=&#8221;#c6c29f&#8221; padding_top=&#8221;0&#8243; padding_bottom=&#8221;20&#8243; css=&#8221;.vc_custom_1520335163213{padding-top: 100px !important;background-color: #c6c29f !important;}&#8221;][vc_column][vc_column_text]<\/p>\n<h5>Adres Bilgileri<\/h5>\n<p>[\/vc_column_text][vc_separator type=&#8221;transparent&#8221; up=&#8221;6&#8243; down=&#8221;6&#8243;][vc_column_text]<\/p>\n<pre><span style=\"color: #000000;\">Kuzguncuk Mahallesi\r\nG\u00fcm\u00fc\u015fyolu \u00c7\u0131kmaz\u0131 Sokak\r\nNo:8<\/span>  <span style=\"color: #000000;\">\u00dcsk\u00fcdar\/\u0130stanbul<\/span>\r\n\r\n<span style=\"color: #000000;\"><strong>E-mail:<\/strong> info@istanbuldialog.com<\/span>\r\n\r\n<span style=\"color: #000000;\"><strong>Tel:<\/strong> 0216 342 7734<\/span>\r\n\r\n<span style=\"color: #000000;\"><strong>Fax:<\/strong> 0216 342 7734<\/span><\/pre>\n<p>[\/vc_column_text][vc_separator type=&#8221;transparent&#8221; up=&#8221;6&#8243; down=&#8221;6&#8243;]<span class='q_social_icon_holder normal_social' ><a itemprop='url' href='https:\/\/www.facebook.com\/' target='_blank'><i class=\"qode_icon_font_awesome fa fa-facebook fa-lg simple_social\" style=\"margin: 0 13px 0 0;\" ><\/i><\/a><\/span><span class='q_social_icon_holder normal_social' ><a itemprop='url' href='https:\/\/twitter.com\/' target='_blank'><i class=\"qode_icon_font_awesome fa fa-twitter fa-lg simple_social\" style=\"margin: 0 13px 0 0;\" ><\/i><\/a><\/span><span class='q_social_icon_holder normal_social' ><a itemprop='url' href='http:\/\/instagram.com' target='_blank'><i class=\"qode_icon_font_awesome fa fa-instagram fa-lg simple_social\" style=\"margin: 0 13px 0 0;\" ><\/i><\/a><\/span>[\/vc_column][\/vc_row]<\/p>\n","protected":false},"excerpt":{"rendered":"<p>[vc_row css_animation=&#8221;&#8221; row_type=&#8221;row&#8221; use_row_as_full_screen_section=&#8221;no&#8221; type=&#8221;full_width&#8221; angled_section=&#8221;no&#8221; text_align=&#8221;left&#8221; background_image_as_pattern=&#8221;without_pattern&#8221; background_color=&#8221;#c6c29f&#8221; padding_top=&#8221;0&#8243; padding_bottom=&#8221;20&#8243; css=&#8221;.vc_custom_1520335163213{padding-top: 100px !important;background-color: #c6c29f !important;}&#8221;][vc_column][vc_column_text] Adres Bilgileri [\/vc_column_text][vc_separator type=&#8221;transparent&#8221; up=&#8221;6&#8243; down=&#8221;6&#8243;][vc_column_text] Kuzguncuk Mahallesi G\u00fcm\u00fc\u015fyolu \u00c7\u0131kmaz\u0131 Sokak No:8 \u00dcsk\u00fcdar\/\u0130stanbul E-mail: info@istanbuldialog.com Tel: 0216 342 7734 Fax: 0216 342 7734 [\/vc_column_text][vc_separator type=&#8221;transparent&#8221; up=&#8221;6&#8243; down=&#8221;6&#8243;][\/vc_column][\/vc_row]<\/p>\n","protected":false},"author":1,"featured_media":0,"parent":0,"menu_order":0,"comment_status":"open","ping_status":"open","template":"contact-page.php","meta":[],"_links":{"self":[{"href":"http:\/\/www.istanbuldialog.com\/tr\/wp-json\/wp\/v2\/pages\/1452"}],"collection":[{"href":"http:\/\/www.istanbuldialog.com\/tr\/wp-json\/wp\/v2\/pages"}],"about":[{"href":"http:\/\/www.istanbuldialog.com\/tr\/wp-json\/wp\/v2\/types\/page"}],"author":[{"embeddable":true,"href":"http:\/\/www.istanbuldialog.com\/tr\/wp-json\/wp\/v2\/users\/1"}],"replies":[{"embeddable":true,"href":"http:\/\/www.istanbuldialog.com\/tr\/wp-json\/wp\/v2\/comments?post=1452"}],"version-history":[{"count":24,"href":"http:\/\/www.istanbuldialog.com\/tr\/wp-json\/wp\/v2\/pages\/1452\/revisions"}],"predecessor-version":[{"id":16463,"href":"http:\/\/www.istanbuldialog.com\/tr\/wp-json\/wp\/v2\/pages\/1452\/revisions\/16463"}],"wp:attachment":[{"href":"http:\/\/www.istanbuldialog.com\/tr\/wp-json\/wp\/v2\/media?parent=1452"}],"curies":[{"name":"wp","href":"https:\/\/api.w.org\/{rel}","templated":true}]}}