{"id":14590,"date":"2014-03-28T17:24:26","date_gmt":"2014-03-28T17:24:26","guid":{"rendered":"http:\/\/demo.qodeinteractive.com\/bridge48\/?page_id=14590"},"modified":"2018-04-19T16:08:10","modified_gmt":"2018-04-19T16:08:10","slug":"hakkimizda","status":"publish","type":"page","link":"http:\/\/www.istanbuldialog.com\/tr\/hakkimizda\/","title":{"rendered":"Hakk\u0131m\u0131zda"},"content":{"rendered":"<p>[vc_row css_animation=&#8221;&#8221; row_type=&#8221;row&#8221; use_row_as_full_screen_section=&#8221;no&#8221; type=&#8221;full_width&#8221; angled_section=&#8221;no&#8221; text_align=&#8221;left&#8221; background_image_as_pattern=&#8221;without_pattern&#8221; background_color=&#8221;#c6c29f&#8221; padding_top=&#8221;20&#8243; padding_bottom=&#8221;0&#8243;][vc_column parallax=&#8221;content-moving&#8221; parallax_image=&#8221;16359&#8243;][vc_separator type=&#8221;transparent&#8221; up=&#8221;10&#8243; down=&#8221;10&#8243;][vc_column_text]<\/p>\n<div style=\"background: rgba(255, 255, 255, 0.6);\">\n<div style=\"text-align: center;\"><span style=\"color: #000000;\">2005<\/span><\/div>\n<div style=\"text-align: center;\"><span style=\"color: #000000;\">y\u0131l\u0131nda DIALOG AJANS ad\u0131 alt\u0131nda<\/span><\/div>\n<div style=\"text-align: center;\"><span style=\"color: #000000;\">kurumsal yap\u0131lanma bilinciyle yola \u00e7\u0131karak<\/span><\/div>\n<div style=\"text-align: center;\"><span style=\"color: #000000;\">reklam tan\u0131t\u0131m sekt\u00f6r\u00fcnde \u00e7al\u0131\u015fmalar\u0131na ba\u015flayan firmam\u0131z,<\/span><\/div>\n<div style=\"text-align: center;\"><span style=\"color: #000000;\">geride b\u0131rakt\u0131\u011f\u0131 y\u0131llarda bir\u00e7ok alanda faaliyet g\u00f6stermi\u015f ve<\/span><\/div>\n<div style=\"text-align: center;\"><span style=\"color: #000000;\"><b>2017\u00a0<\/b><\/span><\/div>\n<div style=\"text-align: center;\"><span style=\"color: #000000;\">y\u0131l\u0131nda da<\/span><\/div>\n<div style=\"text-align: center;\"><span style=\"color: #000000;\"><b>\u0130stanbul-Ankara-\u0130zmir\u00a0<\/b><\/span><\/div>\n<div style=\"text-align: center;\"><span style=\"color: #000000;\">ba\u011flant\u0131l\u0131 bir yap\u0131lanmayla,<\/span><\/div>\n<div style=\"text-align: center;\"><span style=\"color: #000000;\"><b>d\u00fcnyan\u0131n en b\u00fcy\u00fck oyun platformunu\u00a0<\/b><\/span><\/div>\n<div style=\"text-align: center;\"><span style=\"color: #000000;\">\u2018bir oyundan \u00e7ok \u00f6te\u2019<\/span><\/div>\n<div style=\"text-align: center;\"><span style=\"color: #000000;\">bilinciyle ger\u00e7ekle\u015ftirmek \u00fczere,<\/span><\/div>\n<div style=\"text-align: center;\"><span style=\"color: #000000;\"><b>\u0130stanbul DIALOG Medya A.\u015e\u00a0<\/b><\/span><\/div>\n<div style=\"text-align: center;\"><span style=\"color: #000000;\">\u00e7at\u0131s\u0131 alt\u0131nda toplanarak yeni ve g\u00fc\u00e7l\u00fc bir fizyonomiye b\u00fcr\u00fcnm\u00fc\u015ft\u00fcr.<\/span><\/div>\n<div style=\"text-align: center;\"><span style=\"color: #000000;\">\u015eirketimiz bu yolculu\u011funda \u00e7al\u0131\u015fmalar\u0131n\u0131 a\u011f\u0131rl\u0131kl\u0131 olarak<\/span><\/div>\n<div style=\"text-align: center;\"><span style=\"color: #000000;\">reklam ve medya sekt\u00f6r\u00fcnde konumlanmas\u0131n\u0131 sa\u011flay\u0131p<\/span><\/div>\n<div style=\"text-align: center;\"><span style=\"color: #000000;\"><b>Tv &amp; Sinema D\u00fcnyas\u0131\u00a0<\/b><\/span><\/div>\n<div style=\"text-align: center;\"><span style=\"color: #000000;\">\u00a0ile birlikte sanal oyunlar\u0131 da b\u00fcnyesine katarak,<\/span><\/div>\n<div style=\"text-align: center;\"><span style=\"color: #000000;\">\u00fclkemizin d\u00fcnya \u00e7ap\u0131nda tan\u0131t\u0131m\u0131 amac\u0131 ile<\/span><\/div>\n<div style=\"text-align: center;\"><span style=\"color: #000000;\">\u2018\u00e7ok kapsaml\u0131 bir giri\u015fime\u2019<\/span><\/div>\n<div style=\"text-align: center;\"><span style=\"color: #000000;\">inan\u00e7 ve kararl\u0131l\u0131kla ad\u0131m atm\u0131\u015f bulunmaktad\u0131r.<\/span><\/div>\n<p>&nbsp;<\/p>\n<\/div>\n<p>[\/vc_column_text][vc_separator type=&#8221;transparent&#8221; up=&#8221;5&#8243; down=&#8221;20&#8243;][\/vc_column][\/vc_row]<\/p>\n","protected":false},"excerpt":{"rendered":"<p>[vc_row css_animation=&#8221;&#8221; row_type=&#8221;row&#8221; use_row_as_full_screen_section=&#8221;no&#8221; type=&#8221;full_width&#8221; angled_section=&#8221;no&#8221; text_align=&#8221;left&#8221; background_image_as_pattern=&#8221;without_pattern&#8221; background_color=&#8221;#c6c29f&#8221; padding_top=&#8221;20&#8243; padding_bottom=&#8221;0&#8243;][vc_column parallax=&#8221;content-moving&#8221; parallax_image=&#8221;16359&#8243;][vc_separator type=&#8221;transparent&#8221; up=&#8221;10&#8243; down=&#8221;10&#8243;][vc_column_text] 2005 y\u0131l\u0131nda DIALOG AJANS ad\u0131 alt\u0131nda kurumsal yap\u0131lanma bilinciyle yola \u00e7\u0131karak reklam tan\u0131t\u0131m sekt\u00f6r\u00fcnde \u00e7al\u0131\u015fmalar\u0131na ba\u015flayan firmam\u0131z, geride b\u0131rakt\u0131\u011f\u0131 y\u0131llarda bir\u00e7ok alanda faaliyet g\u00f6stermi\u015f ve 2017\u00a0 y\u0131l\u0131nda da \u0130stanbul-Ankara-\u0130zmir\u00a0&#8230;<\/p>\n","protected":false},"author":1,"featured_media":0,"parent":0,"menu_order":0,"comment_status":"open","ping_status":"closed","template":"full_width.php","meta":[],"_links":{"self":[{"href":"http:\/\/www.istanbuldialog.com\/tr\/wp-json\/wp\/v2\/pages\/14590"}],"collection":[{"href":"http:\/\/www.istanbuldialog.com\/tr\/wp-json\/wp\/v2\/pages"}],"about":[{"href":"http:\/\/www.istanbuldialog.com\/tr\/wp-json\/wp\/v2\/types\/page"}],"author":[{"embeddable":true,"href":"http:\/\/www.istanbuldialog.com\/tr\/wp-json\/wp\/v2\/users\/1"}],"replies":[{"embeddable":true,"href":"http:\/\/www.istanbuldialog.com\/tr\/wp-json\/wp\/v2\/comments?post=14590"}],"version-history":[{"count":52,"href":"http:\/\/www.istanbuldialog.com\/tr\/wp-json\/wp\/v2\/pages\/14590\/revisions"}],"predecessor-version":[{"id":16420,"href":"http:\/\/www.istanbuldialog.com\/tr\/wp-json\/wp\/v2\/pages\/14590\/revisions\/16420"}],"wp:attachment":[{"href":"http:\/\/www.istanbuldialog.com\/tr\/wp-json\/wp\/v2\/media?parent=14590"}],"curies":[{"name":"wp","href":"https:\/\/api.w.org\/{rel}","templated":true}]}}