{"id":15042,"date":"2014-05-21T11:16:46","date_gmt":"2014-05-21T11:16:46","guid":{"rendered":"http:\/\/demo.qodeinteractive.com\/bridge48\/?page_id=15042"},"modified":"2018-03-06T10:48:54","modified_gmt":"2018-03-06T10:48:54","slug":"nihat-sonmez","status":"publish","type":"page","link":"http:\/\/www.istanbuldialog.com\/tr\/takim\/nihat-sonmez\/","title":{"rendered":"Nihat S\u00f6nmez"},"content":{"rendered":"<p>[vc_row css_animation=&#8221;&#8221; row_type=&#8221;row&#8221; use_row_as_full_screen_section=&#8221;no&#8221; type=&#8221;grid&#8221; anchor=&#8221;portfolio&#8221; angled_section=&#8221;no&#8221; text_align=&#8221;left&#8221; background_image_as_pattern=&#8221;without_pattern&#8221; background_color=&#8221;#c6c29f&#8221; padding_top=&#8221;90&#8243; padding_bottom=&#8221;90&#8243;][vc_column width=&#8221;1\/2&#8243;][vc_single_image image=&#8221;15732&#8243; img_size=&#8221;500&#215;400&#8243; qode_css_animation=&#8221;element_from_left&#8221; transition_delay=&#8221;0.2&#8243;][\/vc_column][vc_column width=&#8221;1\/2&#8243;][vc_column_text]<\/p>\n<h4 style=\"text-align: left;\">Nihat S\u00f6nmez<\/h4>\n<p>[\/vc_column_text][vc_separator type=&#8221;transparent&#8221; up=&#8221;12&#8243; down=&#8221;0&#8243;][vc_column_text]<\/p>\n<div><span style=\"color: #000000;\">Nihat S\u00f6nmez, Anadolu co\u011frafyas\u0131n\u0131n do\u011fu taraflar\u0131nda, b\u00fcy\u00fck ve antik bir da\u011f\u0131n yama\u00e7lar\u0131nda A\u011fr\u0131l\u0131 olarak d\u00fcnyaya gelmi\u015f.<\/span><\/div>\n<div><span style=\"color: #000000;\">Tahsilini ise, yine antik bir yer olarak tan\u0131mlad\u0131\u011f\u0131 kentin Hali\u00e7 civarlar\u0131nda kurulmu\u015f bir \u00fcniversitedeki fak\u00fcltenin<\/span><\/div>\n<div><span style=\"color: #000000;\">ileti\u015fim k\u0131sm\u0131n\u0131n Radyolu Televizyonlu b\u00f6l\u00fcm\u00fcnde yapmak istemi\u015f. Mezuniyet balosundan \u00f6ncesinde de, sonras\u0131nda da<\/span><\/div>\n<div><span style=\"color: #000000;\">Sinema ve Reklam sekt\u00f6r\u00fcnde Yap\u0131m Koordinat\u00f6rl\u00fc\u011f\u00fc ve Uygulay\u0131c\u0131 Yap\u0131mc\u0131l\u0131k yapm\u0131\u015f, durmaks\u0131z\u0131n da yap\u0131yor&#8230;<\/span><\/div>\n<p>[\/vc_column_text][vc_separator type=&#8221;transparent&#8221; up=&#8221;5&#8243; down=&#8221;16&#8243;][vc_accordion style=&#8221;accordion&#8221;][vc_accordion_tab title=&#8221;\u00c7al\u0131\u015fmalar\u0131&#8221;]<div class='q_list circle'><\/p>\n<ul>\n<li><a href=\"https:\/\/www.youtube.com\/watch?v=IeR_NTr9J24\" target=\"_blank\" rel=\"noopener\">Starmaxx Zirai Lastik Reklam Filmi<\/a><\/li>\n<li><a href=\"https:\/\/www.youtube.com\/watch?v=IoHbjFn_cvQ\" target=\"_blank\" rel=\"noopener\">Starmaxx Zirai Lastik Kamera Arkas\u0131<\/a><\/li>\n<li><a href=\"http:\/\/www.sinematurk.com\/kisi\/138342-nihat-sonmez\/\" target=\"_blank\" rel=\"noopener\">Sinema &amp; Dizi Projeleri<\/a><\/li>\n<\/ul>\n<p><\/div>[\/vc_accordion_tab][\/vc_accordion][\/vc_column][\/vc_row]<\/p>\n","protected":false},"excerpt":{"rendered":"<p>[vc_row css_animation=&#8221;&#8221; row_type=&#8221;row&#8221; use_row_as_full_screen_section=&#8221;no&#8221; type=&#8221;grid&#8221; anchor=&#8221;portfolio&#8221; angled_section=&#8221;no&#8221; text_align=&#8221;left&#8221; background_image_as_pattern=&#8221;without_pattern&#8221; background_color=&#8221;#c6c29f&#8221; padding_top=&#8221;90&#8243; padding_bottom=&#8221;90&#8243;][vc_column width=&#8221;1\/2&#8243;][vc_single_image image=&#8221;15732&#8243; img_size=&#8221;500&#215;400&#8243; qode_css_animation=&#8221;element_from_left&#8221; transition_delay=&#8221;0.2&#8243;][\/vc_column][vc_column width=&#8221;1\/2&#8243;][vc_column_text] Nihat S\u00f6nmez [\/vc_column_text][vc_separator type=&#8221;transparent&#8221; up=&#8221;12&#8243; down=&#8221;0&#8243;][vc_column_text] Nihat S\u00f6nmez, Anadolu co\u011frafyas\u0131n\u0131n do\u011fu taraflar\u0131nda, b\u00fcy\u00fck ve antik bir da\u011f\u0131n yama\u00e7lar\u0131nda A\u011fr\u0131l\u0131 olarak d\u00fcnyaya gelmi\u015f. Tahsilini ise, yine antik bir&#8230;<\/p>\n","protected":false},"author":1,"featured_media":0,"parent":15315,"menu_order":0,"comment_status":"open","ping_status":"closed","template":"full_width.php","meta":[],"_links":{"self":[{"href":"http:\/\/www.istanbuldialog.com\/tr\/wp-json\/wp\/v2\/pages\/15042"}],"collection":[{"href":"http:\/\/www.istanbuldialog.com\/tr\/wp-json\/wp\/v2\/pages"}],"about":[{"href":"http:\/\/www.istanbuldialog.com\/tr\/wp-json\/wp\/v2\/types\/page"}],"author":[{"embeddable":true,"href":"http:\/\/www.istanbuldialog.com\/tr\/wp-json\/wp\/v2\/users\/1"}],"replies":[{"embeddable":true,"href":"http:\/\/www.istanbuldialog.com\/tr\/wp-json\/wp\/v2\/comments?post=15042"}],"version-history":[{"count":18,"href":"http:\/\/www.istanbuldialog.com\/tr\/wp-json\/wp\/v2\/pages\/15042\/revisions"}],"predecessor-version":[{"id":16402,"href":"http:\/\/www.istanbuldialog.com\/tr\/wp-json\/wp\/v2\/pages\/15042\/revisions\/16402"}],"up":[{"embeddable":true,"href":"http:\/\/www.istanbuldialog.com\/tr\/wp-json\/wp\/v2\/pages\/15315"}],"wp:attachment":[{"href":"http:\/\/www.istanbuldialog.com\/tr\/wp-json\/wp\/v2\/media?parent=15042"}],"curies":[{"name":"wp","href":"https:\/\/api.w.org\/{rel}","templated":true}]}}