{"id":15315,"date":"2014-10-28T11:01:17","date_gmt":"2014-10-28T11:01:17","guid":{"rendered":"http:\/\/demo.qodeinteractive.com\/bridge48\/?page_id=15315"},"modified":"2018-10-06T10:38:18","modified_gmt":"2018-10-06T10:38:18","slug":"takim","status":"publish","type":"page","link":"http:\/\/www.istanbuldialog.com\/tr\/takim\/","title":{"rendered":"Tak\u0131m"},"content":{"rendered":"<p>[vc_row css_animation=&#8221;&#8221; row_type=&#8221;row&#8221; use_row_as_full_screen_section=&#8221;no&#8221; type=&#8221;grid&#8221; angled_section=&#8221;no&#8221; text_align=&#8221;left&#8221; background_image_as_pattern=&#8221;without_pattern&#8221; background_color=&#8221;#c6c29f&#8221; padding_top=&#8221;0&#8243; padding_bottom=&#8221;50&#8243;][vc_column][vc_column_text css=&#8221;.vc_custom_1519818458749{padding-top: 30px !important;padding-bottom: 20px !important;}&#8221;]<\/p>\n<h1 style=\"text-align: center;\">Tak\u0131m<\/h1>\n<p>[\/vc_column_text][vc_row_inner row_type=&#8221;row&#8221; type=&#8221;full_width&#8221; text_align=&#8221;left&#8221; css_animation=&#8221;&#8221;][vc_column_inner width=&#8221;1\/2&#8243;][vc_single_image image=&#8221;16456&#8243; img_size=&#8221;400&#215;400&#8243; qode_css_animation=&#8221;element_from_fade&#8221; transition_delay=&#8221;0.3&#8243;][vc_separator type=&#8221;transparent&#8221; up=&#8221;30&#8243; down=&#8221;0&#8243;][vc_column_text]<\/p>\n<div class=\"wpb_text_column wpb_content_element \">\n<div class=\"wpb_wrapper\">\n<h4>AHMET TO\u011eU\u015eLU<\/h4>\n<\/div>\n<\/div>\n<p>[\/vc_column_text][vc_separator type=&#8221;transparent&#8221; up=&#8221;11&#8243; down=&#8221;0&#8243;][vc_column_text]<\/p>\n<div class=\"wpb_text_column wpb_content_element \">\n<div class=\"wpb_wrapper\"><span style=\"color: #000000;\">K\u00f6kleri kay\u0131s\u0131 diyar\u0131na dayanan Ahmet&#8217;in \u00e7ocuklu\u011fu ve gen\u00e7li\u011fi \u00c7ukurova&#8217;da ge\u00e7mi\u015f. \u0130\u015f insan\u0131 olma genleri Darende den gelen Ahmet , k\u00f6klerinin oldu\u011fu kay\u0131s\u0131 diyar\u0131nda iktisadi ve idari bilimler fak\u00fcltesini bitirmi\u015f.\u0130\u015f hayat\u0131nda, &#8220;sonu\u00e7 ve \u00e7\u00f6z\u00fcm odakl\u0131 \u00e7al\u0131\u015f, zaman\u0131nda ve eksiksiz bitir, her\u015feye ra\u011fmen olmuyorsa yolunu de\u011fi\u015ftir&#8221; felsefesi ile y\u00fckselmi\u015f&#8230;<\/span><\/div>\n<\/div>\n<p>[\/vc_column_text][vc_separator type=&#8221;transparent&#8221; up=&#8221;48&#8243; down=&#8221;0&#8243;]<a  itemprop=\"url\" href=\"takim\/ahmet-toguslu\/\" target=\"_self\"  class=\"qbutton  default\" style=\"\">Detayl\u0131 Bilgi<\/a>[\/vc_column_inner][vc_column_inner width=&#8221;1\/2&#8243;][vc_single_image image=&#8221;15743&#8243; img_size=&#8221;215&#215;215&#8243; qode_css_animation=&#8221;element_from_fade&#8221; transition_delay=&#8221;0.1&#8243;][vc_separator type=&#8221;transparent&#8221; up=&#8221;30&#8243; down=&#8221;0&#8243;][vc_column_text]<\/p>\n<h5>N\u0130HAT S\u00d6NMEZ<\/h5>\n<p>[\/vc_column_text][vc_separator type=&#8221;transparent&#8221; up=&#8221;11&#8243; down=&#8221;0&#8243;][vc_column_text]<\/p>\n<div class=\"wpb_text_column wpb_content_element \">\n<div class=\"wpb_wrapper\">\n<div><span style=\"color: #000000;\">Anadolu co\u011frafyas\u0131n\u0131n do\u011fu taraflar\u0131nda, b\u00fcy\u00fck ve antik bir da\u011f\u0131n yama\u00e7lar\u0131nda A\u011fr\u0131l\u0131 olarak d\u00fcnyaya gelmi\u015f.<\/span><\/div>\n<div><\/div>\n<div><span style=\"color: #000000;\">Tahsilini ise, yine antik bir yer olarak tan\u0131mlad\u0131\u011f\u0131 kentin Hali\u00e7 civarlar\u0131nda kurulmu\u015f bir \u00fcniversitedeki fak\u00fcltenin<\/span><\/div>\n<div><span style=\"color: #000000;\">ileti\u015fim k\u0131sm\u0131n\u0131n Radyolu Televizyonlu b\u00f6l\u00fcm\u00fcnde yapmak istemi\u015f.<\/span><\/div>\n<\/div>\n<\/div>\n<p>[\/vc_column_text][vc_separator type=&#8221;transparent&#8221; up=&#8221;48&#8243; down=&#8221;0&#8243;]<a  itemprop=\"url\" href=\"nihat-sonmez\" target=\"_self\"  class=\"qbutton  default\" style=\"\">Detayl\u0131 Bilgi<\/a>[\/vc_column_inner][\/vc_row_inner][\/vc_column][\/vc_row]<\/p>\n","protected":false},"excerpt":{"rendered":"<p>[vc_row css_animation=&#8221;&#8221; row_type=&#8221;row&#8221; use_row_as_full_screen_section=&#8221;no&#8221; type=&#8221;grid&#8221; angled_section=&#8221;no&#8221; text_align=&#8221;left&#8221; background_image_as_pattern=&#8221;without_pattern&#8221; background_color=&#8221;#c6c29f&#8221; padding_top=&#8221;0&#8243; padding_bottom=&#8221;50&#8243;][vc_column][vc_column_text css=&#8221;.vc_custom_1519818458749{padding-top: 30px !important;padding-bottom: 20px !important;}&#8221;] Tak\u0131m [\/vc_column_text][vc_row_inner row_type=&#8221;row&#8221; type=&#8221;full_width&#8221; text_align=&#8221;left&#8221; css_animation=&#8221;&#8221;][vc_column_inner width=&#8221;1\/2&#8243;][vc_single_image image=&#8221;16456&#8243; img_size=&#8221;400&#215;400&#8243; qode_css_animation=&#8221;element_from_fade&#8221; transition_delay=&#8221;0.3&#8243;][vc_separator type=&#8221;transparent&#8221; up=&#8221;30&#8243; down=&#8221;0&#8243;][vc_column_text] AHMET TO\u011eU\u015eLU [\/vc_column_text][vc_separator type=&#8221;transparent&#8221; up=&#8221;11&#8243; down=&#8221;0&#8243;][vc_column_text] K\u00f6kleri kay\u0131s\u0131 diyar\u0131na dayanan Ahmet&#8217;in \u00e7ocuklu\u011fu ve gen\u00e7li\u011fi \u00c7ukurova&#8217;da&#8230;<\/p>\n","protected":false},"author":1,"featured_media":0,"parent":0,"menu_order":0,"comment_status":"open","ping_status":"open","template":"full_width.php","meta":[],"_links":{"self":[{"href":"http:\/\/www.istanbuldialog.com\/tr\/wp-json\/wp\/v2\/pages\/15315"}],"collection":[{"href":"http:\/\/www.istanbuldialog.com\/tr\/wp-json\/wp\/v2\/pages"}],"about":[{"href":"http:\/\/www.istanbuldialog.com\/tr\/wp-json\/wp\/v2\/types\/page"}],"author":[{"embeddable":true,"href":"http:\/\/www.istanbuldialog.com\/tr\/wp-json\/wp\/v2\/users\/1"}],"replies":[{"embeddable":true,"href":"http:\/\/www.istanbuldialog.com\/tr\/wp-json\/wp\/v2\/comments?post=15315"}],"version-history":[{"count":46,"href":"http:\/\/www.istanbuldialog.com\/tr\/wp-json\/wp\/v2\/pages\/15315\/revisions"}],"predecessor-version":[{"id":16497,"href":"http:\/\/www.istanbuldialog.com\/tr\/wp-json\/wp\/v2\/pages\/15315\/revisions\/16497"}],"wp:attachment":[{"href":"http:\/\/www.istanbuldialog.com\/tr\/wp-json\/wp\/v2\/media?parent=15315"}],"curies":[{"name":"wp","href":"https:\/\/api.w.org\/{rel}","templated":true}]}}