{"id":15720,"date":"2018-02-08T12:06:12","date_gmt":"2018-02-08T12:06:12","guid":{"rendered":"https:\/\/abaypa.com\/dialog\/?page_id=15720"},"modified":"2018-03-06T10:53:39","modified_gmt":"2018-03-06T10:53:39","slug":"tasarimlar","status":"publish","type":"page","link":"http:\/\/www.istanbuldialog.com\/tr\/isler\/tasarimlar\/","title":{"rendered":"Tasar\u0131m &#038; Uygulama"},"content":{"rendered":"<p>[vc_row css_animation=&#8221;&#8221; row_type=&#8221;row&#8221; use_row_as_full_screen_section=&#8221;no&#8221; type=&#8221;full_width&#8221; angled_section=&#8221;no&#8221; text_align=&#8221;left&#8221; background_image_as_pattern=&#8221;without_pattern&#8221; background_color=&#8221;#a8a37d&#8221; padding_top=&#8221;40&#8243; padding_bottom=&#8221;20&#8243;][vc_column]<a  itemprop=\"url\" href=\"logo-amblemler\" target=\"_self\"  class=\"qbutton  small white default\" style=\"font-style: normal; \">Logo &amp; Amblemler<\/a><a  itemprop=\"url\" href=\"afis-banner\" target=\"_self\"  class=\"qbutton  small white default\" style=\"font-style: normal; \">AF\u0130\u015e &amp; BANNER<\/a><a  itemprop=\"url\" href=\"tasarimlar\" target=\"_self\"  class=\"qbutton  small white default\" style=\"font-style: normal; \">TASARIM &amp; UYGULAMA<\/a><a  itemprop=\"url\" href=\"kitap\" target=\"_self\"  class=\"qbutton  small white default\" style=\"font-style: normal; \">K\u0130TAP &amp; DERG\u0130 &amp; KAR\u0130KAT\u00dcR<\/a><a  itemprop=\"url\" href=\"desen\" target=\"_self\"  class=\"qbutton  small white default\" style=\"font-style: normal; \">DESEN<\/a><a  itemprop=\"url\" href=\"video-filmler\" target=\"_self\"  class=\"qbutton  small white default\" style=\"font-style: normal; \">V\u0130DEO &amp; F\u0130LMLER<\/a>[\/vc_column][\/vc_row][vc_row css_animation=&#8221;&#8221; row_type=&#8221;row&#8221; use_row_as_full_screen_section=&#8221;no&#8221; type=&#8221;full_width&#8221; angled_section=&#8221;no&#8221; text_align=&#8221;left&#8221; background_image_as_pattern=&#8221;without_pattern&#8221; background_color=&#8221;#c6c29f&#8221;][vc_column][vc_column_text]<\/p>\n<h4 style=\"text-align: center;\">Tasar\u0131m &amp; Uygulama<\/h4>\n<p>[\/vc_column_text][vc_separator type=&#8221;normal&#8221; down=&#8221;20&#8243;][vc_gallery type=&#8221;image_grid&#8221; images=&#8221;16099,16097,16108,16109,16105,16112,16098,16107,16111,16110,16102,16104&#8243; img_size=&#8221;600&#215;600&#8243; column_number=&#8221;4&#8243; grayscale=&#8221;yes&#8221; images_space=&#8221;gallery_with_space&#8221;][\/vc_column][\/vc_row]<\/p>\n","protected":false},"excerpt":{"rendered":"<p>[vc_row css_animation=&#8221;&#8221; row_type=&#8221;row&#8221; use_row_as_full_screen_section=&#8221;no&#8221; type=&#8221;full_width&#8221; angled_section=&#8221;no&#8221; text_align=&#8221;left&#8221; background_image_as_pattern=&#8221;without_pattern&#8221; background_color=&#8221;#a8a37d&#8221; padding_top=&#8221;40&#8243; padding_bottom=&#8221;20&#8243;][vc_column][\/vc_column][\/vc_row][vc_row css_animation=&#8221;&#8221; row_type=&#8221;row&#8221; use_row_as_full_screen_section=&#8221;no&#8221; type=&#8221;full_width&#8221; angled_section=&#8221;no&#8221; text_align=&#8221;left&#8221; background_image_as_pattern=&#8221;without_pattern&#8221; background_color=&#8221;#c6c29f&#8221;][vc_column][vc_column_text] Tasar\u0131m &amp; Uygulama [\/vc_column_text][vc_separator type=&#8221;normal&#8221; down=&#8221;20&#8243;][vc_gallery type=&#8221;image_grid&#8221; images=&#8221;16099,16097,16108,16109,16105,16112,16098,16107,16111,16110,16102,16104&#8243; img_size=&#8221;600&#215;600&#8243; column_number=&#8221;4&#8243; grayscale=&#8221;yes&#8221; images_space=&#8221;gallery_with_space&#8221;][\/vc_column][\/vc_row]<\/p>\n","protected":false},"author":1,"featured_media":0,"parent":15586,"menu_order":0,"comment_status":"closed","ping_status":"closed","template":"full_width.php","meta":[],"_links":{"self":[{"href":"http:\/\/www.istanbuldialog.com\/tr\/wp-json\/wp\/v2\/pages\/15720"}],"collection":[{"href":"http:\/\/www.istanbuldialog.com\/tr\/wp-json\/wp\/v2\/pages"}],"about":[{"href":"http:\/\/www.istanbuldialog.com\/tr\/wp-json\/wp\/v2\/types\/page"}],"author":[{"embeddable":true,"href":"http:\/\/www.istanbuldialog.com\/tr\/wp-json\/wp\/v2\/users\/1"}],"replies":[{"embeddable":true,"href":"http:\/\/www.istanbuldialog.com\/tr\/wp-json\/wp\/v2\/comments?post=15720"}],"version-history":[{"count":18,"href":"http:\/\/www.istanbuldialog.com\/tr\/wp-json\/wp\/v2\/pages\/15720\/revisions"}],"predecessor-version":[{"id":16407,"href":"http:\/\/www.istanbuldialog.com\/tr\/wp-json\/wp\/v2\/pages\/15720\/revisions\/16407"}],"up":[{"embeddable":true,"href":"http:\/\/www.istanbuldialog.com\/tr\/wp-json\/wp\/v2\/pages\/15586"}],"wp:attachment":[{"href":"http:\/\/www.istanbuldialog.com\/tr\/wp-json\/wp\/v2\/media?parent=15720"}],"curies":[{"name":"wp","href":"https:\/\/api.w.org\/{rel}","templated":true}]}}