{"id":15796,"date":"2018-02-12T10:13:55","date_gmt":"2018-02-12T10:13:55","guid":{"rendered":"https:\/\/abaypa.com\/dialog\/?page_id=15796"},"modified":"2018-10-07T12:26:33","modified_gmt":"2018-10-07T12:26:33","slug":"video-filmler","status":"publish","type":"page","link":"http:\/\/www.istanbuldialog.com\/tr\/isler\/video-filmler\/","title":{"rendered":"Video &#038; Filmler"},"content":{"rendered":"<p>[vc_row css_animation=&#8221;&#8221; row_type=&#8221;row&#8221; use_row_as_full_screen_section=&#8221;no&#8221; type=&#8221;full_width&#8221; angled_section=&#8221;no&#8221; text_align=&#8221;left&#8221; background_image_as_pattern=&#8221;without_pattern&#8221; background_color=&#8221;#a8a37d&#8221; padding_top=&#8221;40&#8243; padding_bottom=&#8221;20&#8243;][vc_column]<a  itemprop=\"url\" href=\"logo-amblemler\" target=\"_self\"  class=\"qbutton  small white default\" style=\"font-style: normal; \">Logo &amp; Amblemler<\/a><a  itemprop=\"url\" href=\"afis-banner\" target=\"_self\"  class=\"qbutton  small white default\" style=\"font-style: normal; \">AF\u0130\u015e &amp; BANNER<\/a><a  itemprop=\"url\" href=\"tasarimlar\" target=\"_self\"  class=\"qbutton  small white default\" style=\"font-style: normal; \">TASARIM &amp; UYGULAMA<\/a><a  itemprop=\"url\" href=\"kitap\" target=\"_self\"  class=\"qbutton  small white default\" style=\"font-style: normal; \">K\u0130TAP &amp; DERG\u0130 &amp; KAR\u0130KAT\u00dcR<\/a><a  itemprop=\"url\" href=\"desen\" target=\"_self\"  class=\"qbutton  small white default\" style=\"font-style: normal; \">DESEN<\/a><a  itemprop=\"url\" href=\"video-filmler\" target=\"_self\"  class=\"qbutton  small white default\" style=\"font-style: normal; \">V\u0130DEO &amp; F\u0130LMLER<\/a>[\/vc_column][\/vc_row][vc_row css_animation=&#8221;&#8221; row_type=&#8221;row&#8221; use_row_as_full_screen_section=&#8221;no&#8221; type=&#8221;full_width&#8221; angled_section=&#8221;no&#8221; text_align=&#8221;left&#8221; background_image_as_pattern=&#8221;without_pattern&#8221; background_color=&#8221;#c6c29f&#8221;][vc_column][vc_column_text]<\/p>\n<h4 style=\"text-align: center;\">S\u0130NEMA D\u0130Z\u0130 REKLAM VE TANITIM F\u0130LM\u0130<\/h4>\n<p>[\/vc_column_text][vc_separator type=&#8221;normal&#8221; down=&#8221;20&#8243;][vc_column_text]<\/p>\n<p>[\/vc_column_text][\/vc_column][\/vc_row][vc_row css_animation=&#8221;&#8221; row_type=&#8221;row&#8221; use_row_as_full_screen_section=&#8221;no&#8221; type=&#8221;full_width&#8221; angled_section=&#8221;no&#8221; text_align=&#8221;left&#8221; background_image_as_pattern=&#8221;without_pattern&#8221; background_color=&#8221;#c6c29f&#8221; css=&#8221;.vc_custom_1532192113729{padding-right: 1em !important;padding-left: 1em !important;}&#8221;][vc_column width=&#8221;1\/2&#8243;][vc_column_text]<span style=\"color: #000000;\"><strong>Starmaxx Zirai Lastikleri<\/strong><\/span>[\/vc_column_text][vc_video link=&#8221;https:\/\/www.youtube.com\/watch?v=IeR_NTr9J24&#8243; align=&#8221;center&#8221;][\/vc_column][vc_column width=&#8221;1\/2&#8243;][vc_column_text]<span style=\"color: #000000;\"><strong>SSTEK Kamera Arkas\u0131<\/strong><\/span>[\/vc_column_text][vc_video link=&#8221;https:\/\/youtu.be\/sLI-C8WF9Qo&#8221; align=&#8221;center&#8221;][\/vc_column][\/vc_row][vc_row css_animation=&#8221;&#8221; row_type=&#8221;row&#8221; use_row_as_full_screen_section=&#8221;no&#8221; type=&#8221;full_width&#8221; angled_section=&#8221;no&#8221; text_align=&#8221;left&#8221; background_image_as_pattern=&#8221;without_pattern&#8221; css=&#8221;.vc_custom_1532192429785{padding-top: 1em !important;padding-right: 1em !important;padding-bottom: 1em !important;padding-left: 1em !important;}&#8221;][vc_column width=&#8221;1\/2&#8243;][vc_column_text]<span style=\"color: #000000;\"><strong>SSTEK Tan\u0131t\u0131m Filmi<\/strong><\/span>[\/vc_column_text][vc_video link=&#8221;https:\/\/youtu.be\/jJMRlnwASEk&#8221; align=&#8221;center&#8221;][\/vc_column][vc_column width=&#8221;1\/2&#8243;][vc_column_text]<\/p>\n<div style=\"padding-top: 2em; font-size: 11px; color: black; line-height: 2.2;\"><strong><span class=\"\">SSTEK Savunma Sanayi tan\u0131t\u0131m filmi<\/span><\/strong><br class=\"\" \/><span class=\"\"><strong>\u0130\u015f veren:<\/strong> SSTEK (Savunma Sanayi Teknolojileri A.\u015e. )<\/span><br class=\"\" \/><span class=\"\"><strong>Yap\u0131m:<\/strong> \u0130stanbul Dialog Medya &#8211; Ahmet TO\u011eU\u015eLU<\/span><br class=\"\" \/><span class=\"\"><strong>Kurgu St\u00fcdyo:<\/strong> Mesai Film Haluk Can\u00a0<\/span><br class=\"\" \/><span class=\"\"><strong>Uygulay\u0131c\u0131 ve Y\u00f6netmen:<\/strong> Nihat S\u00d6NMEZ<\/span><span class=\"text_exposed_show\"><br class=\"\" \/><strong>Metin Yazar\u0131:<\/strong> \u0130kim T\u00dcZ\u00dcNER<br class=\"\" \/><strong>Kurgu Y\u00f6netmeni:<\/strong> Ferhat Y\u00fcksel\u00a0<br class=\"\" \/><strong>G\u00f6r\u00fcnt\u00fc Y\u00f6netmeni:<\/strong> Tahir ZENCIRBA\u011e<br class=\"\" \/><strong>Kameraman:<\/strong> Abidin E\u015e<br class=\"\" \/><strong>Kamera Asistan\u0131:<\/strong> Orhan NAKU\u015e<br class=\"\" \/><strong>Focus Puller:<\/strong> \u0130zzet G\u00dcNE\u015e<br class=\"\" \/><strong>Ses Oparet\u00f6r\u00fc:<\/strong> E\u015fref G\u00dcLE\u015eCE<br class=\"\" \/><strong>Promter:<\/strong> Mehmet \u00c7a\u011flar \u00d6KS\u00dcZ<br class=\"\" \/><strong>Meke-up:<\/strong> Birg\u00fcl \u0130NCE<br class=\"\" \/><strong>Prodiksiyon Asistan\u0131:<\/strong> Erdem SUCUO\u011eLU<br class=\"\" \/><strong>D.I.T:<\/strong> Cengizhan \u015eANVER<\/span><\/div>\n<p>[\/vc_column_text][\/vc_column][\/vc_row]<\/p>\n","protected":false},"excerpt":{"rendered":"<p>[vc_row css_animation=&#8221;&#8221; row_type=&#8221;row&#8221; use_row_as_full_screen_section=&#8221;no&#8221; type=&#8221;full_width&#8221; angled_section=&#8221;no&#8221; text_align=&#8221;left&#8221; background_image_as_pattern=&#8221;without_pattern&#8221; background_color=&#8221;#a8a37d&#8221; padding_top=&#8221;40&#8243; padding_bottom=&#8221;20&#8243;][vc_column][\/vc_column][\/vc_row][vc_row css_animation=&#8221;&#8221; row_type=&#8221;row&#8221; use_row_as_full_screen_section=&#8221;no&#8221; type=&#8221;full_width&#8221; angled_section=&#8221;no&#8221; text_align=&#8221;left&#8221; background_image_as_pattern=&#8221;without_pattern&#8221; background_color=&#8221;#c6c29f&#8221;][vc_column][vc_column_text] S\u0130NEMA D\u0130Z\u0130 REKLAM VE TANITIM F\u0130LM\u0130 [\/vc_column_text][vc_separator type=&#8221;normal&#8221; down=&#8221;20&#8243;][vc_column_text] [\/vc_column_text][\/vc_column][\/vc_row][vc_row css_animation=&#8221;&#8221; row_type=&#8221;row&#8221; use_row_as_full_screen_section=&#8221;no&#8221; type=&#8221;full_width&#8221; angled_section=&#8221;no&#8221; text_align=&#8221;left&#8221; background_image_as_pattern=&#8221;without_pattern&#8221; background_color=&#8221;#c6c29f&#8221; css=&#8221;.vc_custom_1532192113729{padding-right: 1em !important;padding-left: 1em !important;}&#8221;][vc_column width=&#8221;1\/2&#8243;][vc_column_text]Starmaxx Zirai Lastikleri[\/vc_column_text][vc_video&#8230;<\/p>\n","protected":false},"author":1,"featured_media":0,"parent":15586,"menu_order":0,"comment_status":"closed","ping_status":"closed","template":"full_width.php","meta":[],"_links":{"self":[{"href":"http:\/\/www.istanbuldialog.com\/tr\/wp-json\/wp\/v2\/pages\/15796"}],"collection":[{"href":"http:\/\/www.istanbuldialog.com\/tr\/wp-json\/wp\/v2\/pages"}],"about":[{"href":"http:\/\/www.istanbuldialog.com\/tr\/wp-json\/wp\/v2\/types\/page"}],"author":[{"embeddable":true,"href":"http:\/\/www.istanbuldialog.com\/tr\/wp-json\/wp\/v2\/users\/1"}],"replies":[{"embeddable":true,"href":"http:\/\/www.istanbuldialog.com\/tr\/wp-json\/wp\/v2\/comments?post=15796"}],"version-history":[{"count":49,"href":"http:\/\/www.istanbuldialog.com\/tr\/wp-json\/wp\/v2\/pages\/15796\/revisions"}],"predecessor-version":[{"id":16499,"href":"http:\/\/www.istanbuldialog.com\/tr\/wp-json\/wp\/v2\/pages\/15796\/revisions\/16499"}],"up":[{"embeddable":true,"href":"http:\/\/www.istanbuldialog.com\/tr\/wp-json\/wp\/v2\/pages\/15586"}],"wp:attachment":[{"href":"http:\/\/www.istanbuldialog.com\/tr\/wp-json\/wp\/v2\/media?parent=15796"}],"curies":[{"name":"wp","href":"https:\/\/api.w.org\/{rel}","templated":true}]}}