{"id":16199,"date":"2018-02-26T16:59:37","date_gmt":"2018-02-26T16:59:37","guid":{"rendered":"http:\/\/192.168.1.45\/dialog\/?page_id=16199"},"modified":"2018-04-10T11:37:09","modified_gmt":"2018-04-10T11:37:09","slug":"ahmet-toguslu","status":"publish","type":"page","link":"http:\/\/www.istanbuldialog.com\/tr\/takim\/ahmet-toguslu\/","title":{"rendered":"Ahmet To\u011fu\u015flu"},"content":{"rendered":"<p>[vc_row css_animation=&#8221;&#8221; row_type=&#8221;row&#8221; use_row_as_full_screen_section=&#8221;no&#8221; type=&#8221;grid&#8221; anchor=&#8221;portfolio&#8221; angled_section=&#8221;no&#8221; text_align=&#8221;left&#8221; background_image_as_pattern=&#8221;without_pattern&#8221; background_color=&#8221;#c6c29f&#8221; padding_top=&#8221;90&#8243; padding_bottom=&#8221;90&#8243;][vc_column width=&#8221;1\/2&#8243;][vc_single_image image=&#8221;16459&#8243; img_size=&#8221;500&#215;400&#8243; qode_css_animation=&#8221;element_from_left&#8221; transition_delay=&#8221;0.2&#8243;][\/vc_column][vc_column width=&#8221;1\/2&#8243;][vc_column_text]<\/p>\n<h4 style=\"text-align: left;\">Ahmet To\u011fu\u015flu<\/h4>\n<p>[\/vc_column_text][vc_separator type=&#8221;transparent&#8221; up=&#8221;12&#8243; down=&#8221;0&#8243;][vc_column_text]<\/p>\n<div><span style=\"color: #000000;\">Ahmet To\u011fu\u015flu, K\u00f6kleri kay\u0131s\u0131 diyar\u0131na dayanan Ahmet&#8217;in \u00e7ocuklu\u011fu ve gen\u00e7li\u011fi \u00c7ukurova&#8217;da ge\u00e7mi\u015f. \u0130\u015f insan\u0131 olma genleri Darende den gelen Ahmet , k\u00f6klerinin oldu\u011fu kay\u0131s\u0131 diyar\u0131nda iktisadi ve idari bilimler fak\u00fcltesini bitirmi\u015f.\u0130\u015f hayat\u0131nda, &#8220;sonu\u00e7 ve \u00e7\u00f6z\u00fcm odakl\u0131 \u00e7al\u0131\u015f, zaman\u0131nda ve eksiksiz bitir, her\u015feye ra\u011fmen olmuyorsa yolunu de\u011fi\u015ftir&#8221; felsefesi ile y\u00fckselmi\u015f&#8230;<\/span><\/div>\n<p>[\/vc_column_text][vc_separator type=&#8221;transparent&#8221; up=&#8221;5&#8243; down=&#8221;16&#8243;][\/vc_column][\/vc_row]<\/p>\n","protected":false},"excerpt":{"rendered":"<p>[vc_row css_animation=&#8221;&#8221; row_type=&#8221;row&#8221; use_row_as_full_screen_section=&#8221;no&#8221; type=&#8221;grid&#8221; anchor=&#8221;portfolio&#8221; angled_section=&#8221;no&#8221; text_align=&#8221;left&#8221; background_image_as_pattern=&#8221;without_pattern&#8221; background_color=&#8221;#c6c29f&#8221; padding_top=&#8221;90&#8243; padding_bottom=&#8221;90&#8243;][vc_column width=&#8221;1\/2&#8243;][vc_single_image image=&#8221;16459&#8243; img_size=&#8221;500&#215;400&#8243; qode_css_animation=&#8221;element_from_left&#8221; transition_delay=&#8221;0.2&#8243;][\/vc_column][vc_column width=&#8221;1\/2&#8243;][vc_column_text] Ahmet To\u011fu\u015flu [\/vc_column_text][vc_separator type=&#8221;transparent&#8221; up=&#8221;12&#8243; down=&#8221;0&#8243;][vc_column_text] Ahmet To\u011fu\u015flu, K\u00f6kleri kay\u0131s\u0131 diyar\u0131na dayanan Ahmet&#8217;in \u00e7ocuklu\u011fu ve gen\u00e7li\u011fi \u00c7ukurova&#8217;da ge\u00e7mi\u015f. \u0130\u015f insan\u0131 olma genleri Darende den gelen Ahmet ,&#8230;<\/p>\n","protected":false},"author":1,"featured_media":0,"parent":15315,"menu_order":0,"comment_status":"closed","ping_status":"closed","template":"full_width.php","meta":[],"_links":{"self":[{"href":"http:\/\/www.istanbuldialog.com\/tr\/wp-json\/wp\/v2\/pages\/16199"}],"collection":[{"href":"http:\/\/www.istanbuldialog.com\/tr\/wp-json\/wp\/v2\/pages"}],"about":[{"href":"http:\/\/www.istanbuldialog.com\/tr\/wp-json\/wp\/v2\/types\/page"}],"author":[{"embeddable":true,"href":"http:\/\/www.istanbuldialog.com\/tr\/wp-json\/wp\/v2\/users\/1"}],"replies":[{"embeddable":true,"href":"http:\/\/www.istanbuldialog.com\/tr\/wp-json\/wp\/v2\/comments?post=16199"}],"version-history":[{"count":15,"href":"http:\/\/www.istanbuldialog.com\/tr\/wp-json\/wp\/v2\/pages\/16199\/revisions"}],"predecessor-version":[{"id":16460,"href":"http:\/\/www.istanbuldialog.com\/tr\/wp-json\/wp\/v2\/pages\/16199\/revisions\/16460"}],"up":[{"embeddable":true,"href":"http:\/\/www.istanbuldialog.com\/tr\/wp-json\/wp\/v2\/pages\/15315"}],"wp:attachment":[{"href":"http:\/\/www.istanbuldialog.com\/tr\/wp-json\/wp\/v2\/media?parent=16199"}],"curies":[{"name":"wp","href":"https:\/\/api.w.org\/{rel}","templated":true}]}}